{"id":153,"date":"2025-02-03T08:47:14","date_gmt":"2025-02-03T11:47:14","guid":{"rendered":"https:\/\/corretorayou.com.br\/?page_id=153"},"modified":"2025-02-21T16:14:26","modified_gmt":"2025-02-21T19:14:26","slug":"seguros-em-geral","status":"publish","type":"page","link":"https:\/\/corretorayou.com.br\/?page_id=153","title":{"rendered":"Seguros em Geral"},"content":{"rendered":"\t\t<div data-elementor-type=\"wp-page\" data-elementor-id=\"153\" class=\"elementor elementor-153\" data-elementor-post-type=\"page\">\n\t\t\t\t<div class=\"elementor-element elementor-element-fbb0d52 e-flex e-con-boxed e-con e-parent\" data-id=\"fbb0d52\" data-element_type=\"container\">\n\t\t\t\t\t<div class=\"e-con-inner\">\n\t\t<div class=\"elementor-element elementor-element-4dfd99c e-con-full e-flex e-con e-child\" data-id=\"4dfd99c\" data-element_type=\"container\">\n\t\t<div class=\"elementor-element elementor-element-664f69a e-con-full e-flex e-con e-child\" data-id=\"664f69a\" data-element_type=\"container\">\n\t\t\t\t<div class=\"elementor-element elementor-element-ea6ca58 elementor-widget elementor-widget-heading\" data-id=\"ea6ca58\" data-element_type=\"widget\" data-widget_type=\"heading.default\">\n\t\t\t\t<div class=\"elementor-widget-container\">\n\t\t\t\t\t<h2 class=\"elementor-heading-title elementor-size-default\">\nSeguros e Cons\u00f3rcio<\/h2>\t\t\t\t<\/div>\n\t\t\t\t<\/div>\n\t\t<div class=\"elementor-element elementor-element-5e898d8 e-con-full e-flex e-con e-child\" data-id=\"5e898d8\" data-element_type=\"container\">\n\t\t<div class=\"elementor-element elementor-element-5124985 e-con-full e-flex e-con e-child\" data-id=\"5124985\" data-element_type=\"container\">\n\t\t\t\t<div class=\"elementor-element elementor-element-d97029a elementor-widget elementor-widget-text-editor\" data-id=\"d97029a\" data-element_type=\"widget\" data-widget_type=\"text-editor.default\">\n\t\t\t\t<div class=\"elementor-widget-container\">\n\t\t\t\t\t\t\t\t\t<blockquote><p><span>Proteja seu patrim\u00f4nio e planeje o futuro com seguran\u00e7a! Aqui voc\u00ea encontra <\/span><strong data-start=\"970\" data-end=\"1029\"><span>seguros de vida, automotivo, residencial e empresarial<\/span><\/strong><span> , garantindo tranquilidade para voc\u00ea e sua fam\u00edlia. Al\u00e9m disso, oferecemos <\/span><strong data-start=\"1104\" data-end=\"1118\"><span>cons\u00f3rcios<\/span><\/strong><span> como uma excelente alternativa para conquistar bens de forma planejada e sem juros. <\/span><strong data-start=\"1203\" data-end=\"1289\"><span>Fale com um especialista e descubra as melhores op\u00e7\u00f5es para o seu momento de vida!<\/span><\/strong><\/p><\/blockquote>\t\t\t\t\t\t\t\t<\/div>\n\t\t\t\t<\/div>\n\t\t\t\t<\/div>\n\t\t\t\t<\/div>\n\t\t\t\t<div class=\"elementor-element elementor-element-e798efb elementor-align-center elementor-widget elementor-widget-button\" data-id=\"e798efb\" data-element_type=\"widget\" data-widget_type=\"button.default\">\n\t\t\t\t<div class=\"elementor-widget-container\">\n\t\t\t\t\t\t\t\t\t<div class=\"elementor-button-wrapper\">\n\t\t\t\t\t<a class=\"elementor-button elementor-button-link elementor-size-sm elementor-animation-shrink\" href=\"#elementor-action%3Aaction%3Dpopup%3Aopen%26settings%3DeyJpZCI6Ijg1IiwidG9nZ2xlIjpmYWxzZX0%3D\">\n\t\t\t\t\t\t<span class=\"elementor-button-content-wrapper\">\n\t\t\t\t\t\t\t\t\t<span class=\"elementor-button-text\">Receber Or\u00e7amento<\/span>\n\t\t\t\t\t<\/span>\n\t\t\t\t\t<\/a>\n\t\t\t\t<\/div>\n\t\t\t\t\t\t\t\t<\/div>\n\t\t\t\t<\/div>\n\t\t\t\t<\/div>\n\t\t\t\t<\/div>\n\t\t\t\t\t<\/div>\n\t\t\t\t<\/div>\n\t\t<div class=\"elementor-element elementor-element-7e4d482 e-flex e-con-boxed e-con e-parent\" data-id=\"7e4d482\" data-element_type=\"container\">\n\t\t\t\t\t<div class=\"e-con-inner\">\n\t\t<div class=\"elementor-element elementor-element-2236131 e-con-full e-flex e-con e-child\" data-id=\"2236131\" data-element_type=\"container\">\n\t\t<div class=\"elementor-element elementor-element-b0ef1b4 e-con-full e-flex e-con e-child\" data-id=\"b0ef1b4\" data-element_type=\"container\">\n\t\t\t\t<div class=\"elementor-element elementor-element-e472258 elementor-view-default elementor-widget elementor-widget-icon\" data-id=\"e472258\" data-element_type=\"widget\" data-widget_type=\"icon.default\">\n\t\t\t\t<div class=\"elementor-widget-container\">\n\t\t\t\t\t\t\t<div class=\"elementor-icon-wrapper\">\n\t\t\t<div class=\"elementor-icon\">\n\t\t\t<i aria-hidden=\"true\" class=\"icon icon-padlock\"><\/i>\t\t\t<\/div>\n\t\t<\/div>\n\t\t\t\t\t\t<\/div>\n\t\t\t\t<\/div>\n\t\t\t\t<div class=\"elementor-element elementor-element-c09f2f9 elementor-widget elementor-widget-heading\" data-id=\"c09f2f9\" data-element_type=\"widget\" data-widget_type=\"heading.default\">\n\t\t\t\t<div class=\"elementor-widget-container\">\n\t\t\t\t\t<h2 class=\"elementor-heading-title elementor-size-default\">Prote\u00e7\u00e3o para o seu Futuro<\/h2>\t\t\t\t<\/div>\n\t\t\t\t<\/div>\n\t\t\t\t<div class=\"elementor-element elementor-element-13d9ec1 elementor-widget elementor-widget-text-editor\" data-id=\"13d9ec1\" data-element_type=\"widget\" data-widget_type=\"text-editor.default\">\n\t\t\t\t<div class=\"elementor-widget-container\">\n\t\t\t\t\t\t\t\t\t<p>Seguros de vida, autom\u00f3vel, residencial e empresarial para sua tranquilidade.<\/p>\t\t\t\t\t\t\t\t<\/div>\n\t\t\t\t<\/div>\n\t\t\t\t<\/div>\n\t\t\t\t<\/div>\n\t\t<div class=\"elementor-element elementor-element-68a454e e-con-full e-flex e-con e-child\" data-id=\"68a454e\" data-element_type=\"container\">\n\t\t<div class=\"elementor-element elementor-element-1c65a1e e-con-full e-flex e-con e-child\" data-id=\"1c65a1e\" data-element_type=\"container\">\n\t\t\t\t<div class=\"elementor-element elementor-element-7205a4e elementor-view-default elementor-widget elementor-widget-icon\" data-id=\"7205a4e\" data-element_type=\"widget\" data-widget_type=\"icon.default\">\n\t\t\t\t<div class=\"elementor-widget-container\">\n\t\t\t\t\t\t\t<div class=\"elementor-icon-wrapper\">\n\t\t\t<div class=\"elementor-icon\">\n\t\t\t<i aria-hidden=\"true\" class=\"icon icon-smartphone\"><\/i>\t\t\t<\/div>\n\t\t<\/div>\n\t\t\t\t\t\t<\/div>\n\t\t\t\t<\/div>\n\t\t\t\t<div class=\"elementor-element elementor-element-1ccd8ed elementor-widget elementor-widget-heading\" data-id=\"1ccd8ed\" data-element_type=\"widget\" data-widget_type=\"heading.default\">\n\t\t\t\t<div class=\"elementor-widget-container\">\n\t\t\t\t\t<h2 class=\"elementor-heading-title elementor-size-default\">Planejamento Inteligente<\/h2>\t\t\t\t<\/div>\n\t\t\t\t<\/div>\n\t\t\t\t<div class=\"elementor-element elementor-element-24a5b09 elementor-widget elementor-widget-text-editor\" data-id=\"24a5b09\" data-element_type=\"widget\" data-widget_type=\"text-editor.default\">\n\t\t\t\t<div class=\"elementor-widget-container\">\n\t\t\t\t\t\t\t\t\t<p>Cons\u00f3rcios sem juros para ve\u00edculos conquista, im\u00f3veis e outros bens.<\/p>\t\t\t\t\t\t\t\t<\/div>\n\t\t\t\t<\/div>\n\t\t\t\t<\/div>\n\t\t\t\t<\/div>\n\t\t<div class=\"elementor-element elementor-element-3128cf7 e-con-full e-flex e-con e-child\" data-id=\"3128cf7\" data-element_type=\"container\">\n\t\t<div class=\"elementor-element elementor-element-272f0ad e-con-full e-flex e-con e-child\" data-id=\"272f0ad\" data-element_type=\"container\">\n\t\t\t\t<div class=\"elementor-element elementor-element-b7344ef elementor-view-default elementor-widget elementor-widget-icon\" data-id=\"b7344ef\" data-element_type=\"widget\" data-widget_type=\"icon.default\">\n\t\t\t\t<div class=\"elementor-widget-container\">\n\t\t\t\t\t\t\t<div class=\"elementor-icon-wrapper\">\n\t\t\t<div class=\"elementor-icon\">\n\t\t\t<svg aria-hidden=\"true\" class=\"e-font-icon-svg e-fas-house-user\" viewBox=\"0 0 576 512\" xmlns=\"http:\/\/www.w3.org\/2000\/svg\"><path d=\"M570.69,236.27,512,184.44V48a16,16,0,0,0-16-16H432a16,16,0,0,0-16,16V99.67L314.78,10.3C308.5,4.61,296.53,0,288,0s-20.46,4.61-26.74,10.3l-256,226A18.27,18.27,0,0,0,0,248.2a18.64,18.64,0,0,0,4.09,10.71L25.5,282.7a21.14,21.14,0,0,0,12,5.3,21.67,21.67,0,0,0,10.69-4.11l15.9-14V480a32,32,0,0,0,32,32H480a32,32,0,0,0,32-32V269.88l15.91,14A21.94,21.94,0,0,0,538.63,288a20.89,20.89,0,0,0,11.87-5.31l21.41-23.81A21.64,21.64,0,0,0,576,248.19,21,21,0,0,0,570.69,236.27ZM288,176a64,64,0,1,1-64,64A64,64,0,0,1,288,176ZM400,448H176a16,16,0,0,1-16-16,96,96,0,0,1,96-96h64a96,96,0,0,1,96,96A16,16,0,0,1,400,448Z\"><\/path><\/svg>\t\t\t<\/div>\n\t\t<\/div>\n\t\t\t\t\t\t<\/div>\n\t\t\t\t<\/div>\n\t\t\t\t<div class=\"elementor-element elementor-element-eb4949f elementor-widget elementor-widget-heading\" data-id=\"eb4949f\" data-element_type=\"widget\" data-widget_type=\"heading.default\">\n\t\t\t\t<div class=\"elementor-widget-container\">\n\t\t\t\t\t<h2 class=\"elementor-heading-title elementor-size-default\">Atendimento Personalizado<\/h2>\t\t\t\t<\/div>\n\t\t\t\t<\/div>\n\t\t\t\t<div class=\"elementor-element elementor-element-95844b9 elementor-widget elementor-widget-text-editor\" data-id=\"95844b9\" data-element_type=\"widget\" data-widget_type=\"text-editor.default\">\n\t\t\t\t<div class=\"elementor-widget-container\">\n\t\t\t\t\t\t\t\t\t<p>Consultoria especializada para encontrar a melhor solu\u00e7\u00e3o para voc\u00ea.<\/p>\t\t\t\t\t\t\t\t<\/div>\n\t\t\t\t<\/div>\n\t\t\t\t<\/div>\n\t\t\t\t<\/div>\n\t\t\t\t\t<\/div>\n\t\t\t\t<\/div>\n\t\t<div class=\"elementor-element elementor-element-d76a9e2 e-flex e-con-boxed e-con e-parent\" data-id=\"d76a9e2\" data-element_type=\"container\">\n\t\t\t\t\t<div class=\"e-con-inner\">\n\t\t\t\t<div class=\"elementor-element elementor-element-336f52e elementor-align-center elementor-widget elementor-widget-button\" data-id=\"336f52e\" data-element_type=\"widget\" data-widget_type=\"button.default\">\n\t\t\t\t<div class=\"elementor-widget-container\">\n\t\t\t\t\t\t\t\t\t<div class=\"elementor-button-wrapper\">\n\t\t\t\t\t<a class=\"elementor-button elementor-button-link elementor-size-sm elementor-animation-shrink\" href=\"#elementor-action%3Aaction%3Dpopup%3Aopen%26settings%3DeyJpZCI6Ijg1IiwidG9nZ2xlIjpmYWxzZX0%3D\">\n\t\t\t\t\t\t<span class=\"elementor-button-content-wrapper\">\n\t\t\t\t\t\t\t\t\t<span class=\"elementor-button-text\">Receber Or\u00e7amento<\/span>\n\t\t\t\t\t<\/span>\n\t\t\t\t\t<\/a>\n\t\t\t\t<\/div>\n\t\t\t\t\t\t\t\t<\/div>\n\t\t\t\t<\/div>\n\t\t\t\t\t<\/div>\n\t\t\t\t<\/div>\n\t\t<div class=\"elementor-element elementor-element-eb935f8 e-flex e-con-boxed e-con e-parent\" data-id=\"eb935f8\" data-element_type=\"container\" data-settings=\"{&quot;background_background&quot;:&quot;classic&quot;}\">\n\t\t\t\t\t<div class=\"e-con-inner\">\n\t\t\t\t<div class=\"elementor-element elementor-element-2f9f2dd elementor-widget elementor-widget-heading\" data-id=\"2f9f2dd\" data-element_type=\"widget\" data-widget_type=\"heading.default\">\n\t\t\t\t<div class=\"elementor-widget-container\">\n\t\t\t\t\t<h2 class=\"elementor-heading-title elementor-size-default\">Nossos Parceiros <\/h2>\t\t\t\t<\/div>\n\t\t\t\t<\/div>\n\t\t\t\t\t<\/div>\n\t\t\t\t<\/div>\n\t\t<div class=\"elementor-element elementor-element-62a110a e-flex e-con-boxed e-con e-parent\" data-id=\"62a110a\" data-element_type=\"container\">\n\t\t\t\t\t<div class=\"e-con-inner\">\n\t\t\t\t<div class=\"elementor-element elementor-element-24d4fa7 elementor-widget elementor-widget-image\" data-id=\"24d4fa7\" data-element_type=\"widget\" data-widget_type=\"image.default\">\n\t\t\t\t<div class=\"elementor-widget-container\">\n\t\t\t\t\t\t\t\t\t\t\t\t\t\t\t<img fetchpriority=\"high\" decoding=\"async\" width=\"800\" height=\"213\" src=\"https:\/\/corretorayou.com.br\/wp-content\/uploads\/2025\/02\/operadoras-site-you-1200-x-400-px-1500-x-400-px-1-1024x273.png\" class=\"attachment-large size-large wp-image-350\" alt=\"\" srcset=\"https:\/\/corretorayou.com.br\/wp-content\/uploads\/2025\/02\/operadoras-site-you-1200-x-400-px-1500-x-400-px-1-1024x273.png 1024w, https:\/\/corretorayou.com.br\/wp-content\/uploads\/2025\/02\/operadoras-site-you-1200-x-400-px-1500-x-400-px-1-300x80.png 300w, https:\/\/corretorayou.com.br\/wp-content\/uploads\/2025\/02\/operadoras-site-you-1200-x-400-px-1500-x-400-px-1-768x205.png 768w, https:\/\/corretorayou.com.br\/wp-content\/uploads\/2025\/02\/operadoras-site-you-1200-x-400-px-1500-x-400-px-1.png 1500w\" sizes=\"(max-width: 800px) 100vw, 800px\" \/>\t\t\t\t\t\t\t\t\t\t\t\t\t\t\t<\/div>\n\t\t\t\t<\/div>\n\t\t\t\t\t<\/div>\n\t\t\t\t<\/div>\n\t\t<div class=\"elementor-element elementor-element-5d5aa9f e-flex e-con-boxed e-con e-parent\" data-id=\"5d5aa9f\" data-element_type=\"container\">\n\t\t\t\t\t<div class=\"e-con-inner\">\n\t\t\t\t<div class=\"elementor-element elementor-element-93f351e elementor-align-center elementor-widget elementor-widget-button\" data-id=\"93f351e\" data-element_type=\"widget\" data-widget_type=\"button.default\">\n\t\t\t\t<div class=\"elementor-widget-container\">\n\t\t\t\t\t\t\t\t\t<div class=\"elementor-button-wrapper\">\n\t\t\t\t\t<a class=\"elementor-button elementor-button-link elementor-size-sm elementor-animation-shrink\" href=\"#elementor-action%3Aaction%3Dpopup%3Aopen%26settings%3DeyJpZCI6Ijg1IiwidG9nZ2xlIjpmYWxzZX0%3D\">\n\t\t\t\t\t\t<span class=\"elementor-button-content-wrapper\">\n\t\t\t\t\t\t\t\t\t<span class=\"elementor-button-text\">Receber Or\u00e7amento<\/span>\n\t\t\t\t\t<\/span>\n\t\t\t\t\t<\/a>\n\t\t\t\t<\/div>\n\t\t\t\t\t\t\t\t<\/div>\n\t\t\t\t<\/div>\n\t\t\t\t\t<\/div>\n\t\t\t\t<\/div>\n\t\t\t\t<\/div>\n\t\t","protected":false},"excerpt":{"rendered":"<p>Seguros e Cons\u00f3rcio Proteja seu patrim\u00f4nio e planeje o futuro com seguran\u00e7a! Aqui voc\u00ea encontra seguros de vida, automotivo, residencial e empresarial , garantindo tranquilidade para voc\u00ea e sua fam\u00edlia. Al\u00e9m disso, oferecemos cons\u00f3rcios como uma excelente alternativa para conquistar bens de forma planejada e sem juros. Fale com um especialista e descubra as melhores [&hellip;]<\/p>\n","protected":false},"author":1,"featured_media":0,"parent":0,"menu_order":0,"comment_status":"closed","ping_status":"closed","template":"elementor_header_footer","meta":{"_joinchat":[],"footnotes":""},"class_list":["post-153","page","type-page","status-publish","hentry"],"yoast_head":"<!-- This site is optimized with the Yoast SEO plugin v24.3 - https:\/\/yoast.com\/wordpress\/plugins\/seo\/ -->\n<title>Seguros em Geral - Corretora YOU<\/title>\n<meta name=\"robots\" content=\"index, follow, max-snippet:-1, max-image-preview:large, max-video-preview:-1\" \/>\n<link rel=\"canonical\" href=\"https:\/\/corretorayou.com.br\/?page_id=153\" \/>\n<meta property=\"og:locale\" content=\"pt_BR\" \/>\n<meta property=\"og:type\" content=\"article\" \/>\n<meta property=\"og:title\" content=\"Seguros em Geral - Corretora YOU\" \/>\n<meta property=\"og:description\" content=\"Seguros e Cons\u00f3rcio Proteja seu patrim\u00f4nio e planeje o futuro com seguran\u00e7a! Aqui voc\u00ea encontra seguros de vida, automotivo, residencial e empresarial , garantindo tranquilidade para voc\u00ea e sua fam\u00edlia. Al\u00e9m disso, oferecemos cons\u00f3rcios como uma excelente alternativa para conquistar bens de forma planejada e sem juros. Fale com um especialista e descubra as melhores [&hellip;]\" \/>\n<meta property=\"og:url\" content=\"https:\/\/corretorayou.com.br\/?page_id=153\" \/>\n<meta property=\"og:site_name\" content=\"Corretora YOU\" \/>\n<meta property=\"article:publisher\" content=\"https:\/\/www.facebook.com\/people\/You-Corretora\/pfbid02R5XhpBB5fXahTwGgnEwYAxZjwjpSuxdU2ADLFwxTgSGpYuYAS5jGqdrZf9TYjFtFl\/\" \/>\n<meta property=\"article:modified_time\" content=\"2025-02-21T19:14:26+00:00\" \/>\n<meta property=\"og:image\" content=\"https:\/\/corretorayou.com.br\/wp-content\/uploads\/2025\/02\/operadoras-site-you-1200-x-400-px-1500-x-400-px-1.png\" \/>\n\t<meta property=\"og:image:width\" content=\"1500\" \/>\n\t<meta property=\"og:image:height\" content=\"400\" \/>\n\t<meta property=\"og:image:type\" content=\"image\/png\" \/>\n<meta name=\"twitter:card\" content=\"summary_large_image\" \/>\n<meta name=\"twitter:label1\" content=\"Est. tempo de leitura\" \/>\n\t<meta name=\"twitter:data1\" content=\"1 minuto\" \/>\n<script type=\"application\/ld+json\" class=\"yoast-schema-graph\">{\"@context\":\"https:\/\/schema.org\",\"@graph\":[{\"@type\":\"WebPage\",\"@id\":\"https:\/\/corretorayou.com.br\/?page_id=153\",\"url\":\"https:\/\/corretorayou.com.br\/?page_id=153\",\"name\":\"Seguros em Geral - Corretora YOU\",\"isPartOf\":{\"@id\":\"https:\/\/corretorayou.com.br\/#website\"},\"primaryImageOfPage\":{\"@id\":\"https:\/\/corretorayou.com.br\/?page_id=153#primaryimage\"},\"image\":{\"@id\":\"https:\/\/corretorayou.com.br\/?page_id=153#primaryimage\"},\"thumbnailUrl\":\"https:\/\/corretorayou.com.br\/wp-content\/uploads\/2025\/02\/operadoras-site-you-1200-x-400-px-1500-x-400-px-1-1024x273.png\",\"datePublished\":\"2025-02-03T11:47:14+00:00\",\"dateModified\":\"2025-02-21T19:14:26+00:00\",\"breadcrumb\":{\"@id\":\"https:\/\/corretorayou.com.br\/?page_id=153#breadcrumb\"},\"inLanguage\":\"pt-BR\",\"potentialAction\":[{\"@type\":\"ReadAction\",\"target\":[\"https:\/\/corretorayou.com.br\/?page_id=153\"]}]},{\"@type\":\"ImageObject\",\"inLanguage\":\"pt-BR\",\"@id\":\"https:\/\/corretorayou.com.br\/?page_id=153#primaryimage\",\"url\":\"https:\/\/corretorayou.com.br\/wp-content\/uploads\/2025\/02\/operadoras-site-you-1200-x-400-px-1500-x-400-px-1.png\",\"contentUrl\":\"https:\/\/corretorayou.com.br\/wp-content\/uploads\/2025\/02\/operadoras-site-you-1200-x-400-px-1500-x-400-px-1.png\",\"width\":1500,\"height\":400},{\"@type\":\"BreadcrumbList\",\"@id\":\"https:\/\/corretorayou.com.br\/?page_id=153#breadcrumb\",\"itemListElement\":[{\"@type\":\"ListItem\",\"position\":1,\"name\":\"In\u00edcio\",\"item\":\"https:\/\/corretorayou.com.br\/\"},{\"@type\":\"ListItem\",\"position\":2,\"name\":\"Seguros em Geral\"}]},{\"@type\":\"WebSite\",\"@id\":\"https:\/\/corretorayou.com.br\/#website\",\"url\":\"https:\/\/corretorayou.com.br\/\",\"name\":\"Corretora YOU\",\"description\":\"\",\"publisher\":{\"@id\":\"https:\/\/corretorayou.com.br\/#organization\"},\"potentialAction\":[{\"@type\":\"SearchAction\",\"target\":{\"@type\":\"EntryPoint\",\"urlTemplate\":\"https:\/\/corretorayou.com.br\/?s={search_term_string}\"},\"query-input\":{\"@type\":\"PropertyValueSpecification\",\"valueRequired\":true,\"valueName\":\"search_term_string\"}}],\"inLanguage\":\"pt-BR\"},{\"@type\":\"Organization\",\"@id\":\"https:\/\/corretorayou.com.br\/#organization\",\"name\":\"Corretora YOU\",\"url\":\"https:\/\/corretorayou.com.br\/\",\"logo\":{\"@type\":\"ImageObject\",\"inLanguage\":\"pt-BR\",\"@id\":\"https:\/\/corretorayou.com.br\/#\/schema\/logo\/image\/\",\"url\":\"https:\/\/corretorayou.com.br\/wp-content\/uploads\/2025\/02\/453993324_122095288478459012_745689678987564054_n.jpg\",\"contentUrl\":\"https:\/\/corretorayou.com.br\/wp-content\/uploads\/2025\/02\/453993324_122095288478459012_745689678987564054_n.jpg\",\"width\":320,\"height\":320,\"caption\":\"Corretora YOU\"},\"image\":{\"@id\":\"https:\/\/corretorayou.com.br\/#\/schema\/logo\/image\/\"},\"sameAs\":[\"https:\/\/www.facebook.com\/people\/You-Corretora\/pfbid02R5XhpBB5fXahTwGgnEwYAxZjwjpSuxdU2ADLFwxTgSGpYuYAS5jGqdrZf9TYjFtFl\/\",\"https:\/\/www.instagram.com\/acorretorayou\/\"]}]}<\/script>\n<!-- \/ Yoast SEO plugin. -->","yoast_head_json":{"title":"Seguros em Geral - Corretora YOU","robots":{"index":"index","follow":"follow","max-snippet":"max-snippet:-1","max-image-preview":"max-image-preview:large","max-video-preview":"max-video-preview:-1"},"canonical":"https:\/\/corretorayou.com.br\/?page_id=153","og_locale":"pt_BR","og_type":"article","og_title":"Seguros em Geral - Corretora YOU","og_description":"Seguros e Cons\u00f3rcio Proteja seu patrim\u00f4nio e planeje o futuro com seguran\u00e7a! Aqui voc\u00ea encontra seguros de vida, automotivo, residencial e empresarial , garantindo tranquilidade para voc\u00ea e sua fam\u00edlia. Al\u00e9m disso, oferecemos cons\u00f3rcios como uma excelente alternativa para conquistar bens de forma planejada e sem juros. Fale com um especialista e descubra as melhores [&hellip;]","og_url":"https:\/\/corretorayou.com.br\/?page_id=153","og_site_name":"Corretora YOU","article_publisher":"https:\/\/www.facebook.com\/people\/You-Corretora\/pfbid02R5XhpBB5fXahTwGgnEwYAxZjwjpSuxdU2ADLFwxTgSGpYuYAS5jGqdrZf9TYjFtFl\/","article_modified_time":"2025-02-21T19:14:26+00:00","og_image":[{"width":1500,"height":400,"url":"https:\/\/corretorayou.com.br\/wp-content\/uploads\/2025\/02\/operadoras-site-you-1200-x-400-px-1500-x-400-px-1.png","type":"image\/png"}],"twitter_card":"summary_large_image","twitter_misc":{"Est. tempo de leitura":"1 minuto"},"schema":{"@context":"https:\/\/schema.org","@graph":[{"@type":"WebPage","@id":"https:\/\/corretorayou.com.br\/?page_id=153","url":"https:\/\/corretorayou.com.br\/?page_id=153","name":"Seguros em Geral - Corretora YOU","isPartOf":{"@id":"https:\/\/corretorayou.com.br\/#website"},"primaryImageOfPage":{"@id":"https:\/\/corretorayou.com.br\/?page_id=153#primaryimage"},"image":{"@id":"https:\/\/corretorayou.com.br\/?page_id=153#primaryimage"},"thumbnailUrl":"https:\/\/corretorayou.com.br\/wp-content\/uploads\/2025\/02\/operadoras-site-you-1200-x-400-px-1500-x-400-px-1-1024x273.png","datePublished":"2025-02-03T11:47:14+00:00","dateModified":"2025-02-21T19:14:26+00:00","breadcrumb":{"@id":"https:\/\/corretorayou.com.br\/?page_id=153#breadcrumb"},"inLanguage":"pt-BR","potentialAction":[{"@type":"ReadAction","target":["https:\/\/corretorayou.com.br\/?page_id=153"]}]},{"@type":"ImageObject","inLanguage":"pt-BR","@id":"https:\/\/corretorayou.com.br\/?page_id=153#primaryimage","url":"https:\/\/corretorayou.com.br\/wp-content\/uploads\/2025\/02\/operadoras-site-you-1200-x-400-px-1500-x-400-px-1.png","contentUrl":"https:\/\/corretorayou.com.br\/wp-content\/uploads\/2025\/02\/operadoras-site-you-1200-x-400-px-1500-x-400-px-1.png","width":1500,"height":400},{"@type":"BreadcrumbList","@id":"https:\/\/corretorayou.com.br\/?page_id=153#breadcrumb","itemListElement":[{"@type":"ListItem","position":1,"name":"In\u00edcio","item":"https:\/\/corretorayou.com.br\/"},{"@type":"ListItem","position":2,"name":"Seguros em Geral"}]},{"@type":"WebSite","@id":"https:\/\/corretorayou.com.br\/#website","url":"https:\/\/corretorayou.com.br\/","name":"Corretora YOU","description":"","publisher":{"@id":"https:\/\/corretorayou.com.br\/#organization"},"potentialAction":[{"@type":"SearchAction","target":{"@type":"EntryPoint","urlTemplate":"https:\/\/corretorayou.com.br\/?s={search_term_string}"},"query-input":{"@type":"PropertyValueSpecification","valueRequired":true,"valueName":"search_term_string"}}],"inLanguage":"pt-BR"},{"@type":"Organization","@id":"https:\/\/corretorayou.com.br\/#organization","name":"Corretora YOU","url":"https:\/\/corretorayou.com.br\/","logo":{"@type":"ImageObject","inLanguage":"pt-BR","@id":"https:\/\/corretorayou.com.br\/#\/schema\/logo\/image\/","url":"https:\/\/corretorayou.com.br\/wp-content\/uploads\/2025\/02\/453993324_122095288478459012_745689678987564054_n.jpg","contentUrl":"https:\/\/corretorayou.com.br\/wp-content\/uploads\/2025\/02\/453993324_122095288478459012_745689678987564054_n.jpg","width":320,"height":320,"caption":"Corretora YOU"},"image":{"@id":"https:\/\/corretorayou.com.br\/#\/schema\/logo\/image\/"},"sameAs":["https:\/\/www.facebook.com\/people\/You-Corretora\/pfbid02R5XhpBB5fXahTwGgnEwYAxZjwjpSuxdU2ADLFwxTgSGpYuYAS5jGqdrZf9TYjFtFl\/","https:\/\/www.instagram.com\/acorretorayou\/"]}]}},"_links":{"self":[{"href":"https:\/\/corretorayou.com.br\/index.php?rest_route=\/wp\/v2\/pages\/153","targetHints":{"allow":["GET"]}}],"collection":[{"href":"https:\/\/corretorayou.com.br\/index.php?rest_route=\/wp\/v2\/pages"}],"about":[{"href":"https:\/\/corretorayou.com.br\/index.php?rest_route=\/wp\/v2\/types\/page"}],"author":[{"embeddable":true,"href":"https:\/\/corretorayou.com.br\/index.php?rest_route=\/wp\/v2\/users\/1"}],"replies":[{"embeddable":true,"href":"https:\/\/corretorayou.com.br\/index.php?rest_route=%2Fwp%2Fv2%2Fcomments&post=153"}],"version-history":[{"count":34,"href":"https:\/\/corretorayou.com.br\/index.php?rest_route=\/wp\/v2\/pages\/153\/revisions"}],"predecessor-version":[{"id":436,"href":"https:\/\/corretorayou.com.br\/index.php?rest_route=\/wp\/v2\/pages\/153\/revisions\/436"}],"wp:attachment":[{"href":"https:\/\/corretorayou.com.br\/index.php?rest_route=%2Fwp%2Fv2%2Fmedia&parent=153"}],"curies":[{"name":"wp","href":"https:\/\/api.w.org\/{rel}","templated":true}]}}