{"id":139,"date":"2025-01-31T21:54:45","date_gmt":"2025-02-01T00:54:45","guid":{"rendered":"http:\/\/corretorayou.com.br\/?page_id=139"},"modified":"2025-02-21T16:17:29","modified_gmt":"2025-02-21T19:17:29","slug":"planos-odontologicos","status":"publish","type":"page","link":"https:\/\/corretorayou.com.br\/?page_id=139","title":{"rendered":"Planos Odontol\u00f3gicos"},"content":{"rendered":"\t\t<div data-elementor-type=\"wp-page\" data-elementor-id=\"139\" class=\"elementor elementor-139\" data-elementor-post-type=\"page\">\n\t\t\t\t<div class=\"elementor-element elementor-element-c0cd510 e-flex e-con-boxed e-con e-parent\" data-id=\"c0cd510\" data-element_type=\"container\">\n\t\t\t\t\t<div class=\"e-con-inner\">\n\t\t<div class=\"elementor-element elementor-element-bebfd19 e-con-full e-flex e-con e-child\" data-id=\"bebfd19\" data-element_type=\"container\">\n\t\t<div class=\"elementor-element elementor-element-b200575 e-con-full e-flex e-con e-child\" data-id=\"b200575\" data-element_type=\"container\">\n\t\t\t\t<div class=\"elementor-element elementor-element-e3cc9ec elementor-widget elementor-widget-heading\" data-id=\"e3cc9ec\" data-element_type=\"widget\" data-widget_type=\"heading.default\">\n\t\t\t\t<div class=\"elementor-widget-container\">\n\t\t\t\t\t<h2 class=\"elementor-heading-title elementor-size-default\">\nPlanos Odontol\u00f3gicos<\/h2>\t\t\t\t<\/div>\n\t\t\t\t<\/div>\n\t\t<div class=\"elementor-element elementor-element-0289364 e-con-full e-flex e-con e-child\" data-id=\"0289364\" data-element_type=\"container\">\n\t\t\t\t<div class=\"elementor-element elementor-element-e57f135 elementor-widget elementor-widget-text-editor\" data-id=\"e57f135\" data-element_type=\"widget\" data-widget_type=\"text-editor.default\">\n\t\t\t\t<div class=\"elementor-widget-container\">\n\t\t\t\t\t\t\t\t\t<p>Um sorriso saud\u00e1vel faz toda a diferen\u00e7a! Com nossos <strong data-start=\"556\" data-end=\"580\">planos odontol\u00f3gicos<\/strong> , voc\u00ea tem acesso a uma ampla rede de dentistas, cobertura para consultas, tratamentos, procedimentos preventivos e muito mais. Seja para voc\u00ea, sua fam\u00edlia ou sua empresa, oferecemos solu\u00e7\u00f5es acess\u00edveis e completas. <strong data-start=\"796\" data-end=\"859\">Invista no seu sorriso e fale com um consultor agora mesmo!<\/strong><\/p>\t\t\t\t\t\t\t\t<\/div>\n\t\t\t\t<\/div>\n\t\t\t\t<\/div>\n\t\t\t\t<div class=\"elementor-element elementor-element-6e315ed elementor-align-center elementor-widget elementor-widget-button\" data-id=\"6e315ed\" data-element_type=\"widget\" data-widget_type=\"button.default\">\n\t\t\t\t<div class=\"elementor-widget-container\">\n\t\t\t\t\t\t\t\t\t<div class=\"elementor-button-wrapper\">\n\t\t\t\t\t<a class=\"elementor-button elementor-button-link elementor-size-sm elementor-animation-shrink\" href=\"#elementor-action%3Aaction%3Dpopup%3Aopen%26settings%3DeyJpZCI6Ijg1IiwidG9nZ2xlIjpmYWxzZX0%3D\">\n\t\t\t\t\t\t<span class=\"elementor-button-content-wrapper\">\n\t\t\t\t\t\t\t\t\t<span class=\"elementor-button-text\">Receber Or\u00e7amento<\/span>\n\t\t\t\t\t<\/span>\n\t\t\t\t\t<\/a>\n\t\t\t\t<\/div>\n\t\t\t\t\t\t\t\t<\/div>\n\t\t\t\t<\/div>\n\t\t\t\t<\/div>\n\t\t\t\t<\/div>\n\t\t\t\t\t<\/div>\n\t\t\t\t<\/div>\n\t\t<div class=\"elementor-element elementor-element-14a2771 e-flex e-con-boxed e-con e-parent\" data-id=\"14a2771\" data-element_type=\"container\">\n\t\t\t\t\t<div class=\"e-con-inner\">\n\t\t<div class=\"elementor-element elementor-element-193cb5a e-con-full e-flex e-con e-child\" data-id=\"193cb5a\" data-element_type=\"container\">\n\t\t<div class=\"elementor-element elementor-element-f6ed75f e-con-full e-flex e-con e-child\" data-id=\"f6ed75f\" data-element_type=\"container\">\n\t\t\t\t<div class=\"elementor-element elementor-element-f70f0a3 elementor-view-default elementor-widget elementor-widget-icon\" data-id=\"f70f0a3\" data-element_type=\"widget\" data-widget_type=\"icon.default\">\n\t\t\t\t<div class=\"elementor-widget-container\">\n\t\t\t\t\t\t\t<div class=\"elementor-icon-wrapper\">\n\t\t\t<div class=\"elementor-icon\">\n\t\t\t<i aria-hidden=\"true\" class=\"icon icon-dentist\"><\/i>\t\t\t<\/div>\n\t\t<\/div>\n\t\t\t\t\t\t<\/div>\n\t\t\t\t<\/div>\n\t\t\t\t<div class=\"elementor-element elementor-element-8581ced elementor-widget elementor-widget-heading\" data-id=\"8581ced\" data-element_type=\"widget\" data-widget_type=\"heading.default\">\n\t\t\t\t<div class=\"elementor-widget-container\">\n\t\t\t\t\t<h2 class=\"elementor-heading-title elementor-size-default\">Consultas e Tratamentos<\/h2>\t\t\t\t<\/div>\n\t\t\t\t<\/div>\n\t\t\t\t<div class=\"elementor-element elementor-element-dc78101 elementor-widget elementor-widget-text-editor\" data-id=\"dc78101\" data-element_type=\"widget\" data-widget_type=\"text-editor.default\">\n\t\t\t\t<div class=\"elementor-widget-container\">\n\t\t\t\t\t\t\t\t\t<p>Atendimento com dentistas credenciados para preven\u00e7\u00e3o e cuidados bucais.<\/p>\t\t\t\t\t\t\t\t<\/div>\n\t\t\t\t<\/div>\n\t\t\t\t<\/div>\n\t\t<div class=\"elementor-element elementor-element-df3f4e2 e-con-full e-flex e-con e-child\" data-id=\"df3f4e2\" data-element_type=\"container\">\n\t\t\t\t<div class=\"elementor-element elementor-element-8d730fd elementor-view-default elementor-widget elementor-widget-icon\" data-id=\"8d730fd\" data-element_type=\"widget\" data-widget_type=\"icon.default\">\n\t\t\t\t<div class=\"elementor-widget-container\">\n\t\t\t\t\t\t\t<div class=\"elementor-icon-wrapper\">\n\t\t\t<div class=\"elementor-icon\">\n\t\t\t<svg aria-hidden=\"true\" class=\"e-font-icon-svg e-fas-check\" viewBox=\"0 0 512 512\" xmlns=\"http:\/\/www.w3.org\/2000\/svg\"><path d=\"M173.898 439.404l-166.4-166.4c-9.997-9.997-9.997-26.206 0-36.204l36.203-36.204c9.997-9.998 26.207-9.998 36.204 0L192 312.69 432.095 72.596c9.997-9.997 26.207-9.997 36.204 0l36.203 36.204c9.997 9.997 9.997 26.206 0 36.204l-294.4 294.401c-9.998 9.997-26.207 9.997-36.204-.001z\"><\/path><\/svg>\t\t\t<\/div>\n\t\t<\/div>\n\t\t\t\t\t\t<\/div>\n\t\t\t\t<\/div>\n\t\t\t\t<div class=\"elementor-element elementor-element-bafa0d7 elementor-widget elementor-widget-heading\" data-id=\"bafa0d7\" data-element_type=\"widget\" data-widget_type=\"heading.default\">\n\t\t\t\t<div class=\"elementor-widget-container\">\n\t\t\t\t\t<h2 class=\"elementor-heading-title elementor-size-default\">Procedimentos Inclusos<\/h2>\t\t\t\t<\/div>\n\t\t\t\t<\/div>\n\t\t\t\t<div class=\"elementor-element elementor-element-3fb8401 elementor-widget elementor-widget-text-editor\" data-id=\"3fb8401\" data-element_type=\"widget\" data-widget_type=\"text-editor.default\">\n\t\t\t\t<div class=\"elementor-widget-container\">\n\t\t\t\t\t\t\t\t\t<p>Cobertura para limpeza, restaura\u00e7\u00f5es, extra\u00e7\u00f5es e mais.<\/p>\t\t\t\t\t\t\t\t<\/div>\n\t\t\t\t<\/div>\n\t\t\t\t<\/div>\n\t\t<div class=\"elementor-element elementor-element-49a6395 e-con-full e-flex e-con e-child\" data-id=\"49a6395\" data-element_type=\"container\">\n\t\t\t\t<div class=\"elementor-element elementor-element-cc0cfdb elementor-view-default elementor-widget elementor-widget-icon\" data-id=\"cc0cfdb\" data-element_type=\"widget\" data-widget_type=\"icon.default\">\n\t\t\t\t<div class=\"elementor-widget-container\">\n\t\t\t\t\t\t\t<div class=\"elementor-icon-wrapper\">\n\t\t\t<div class=\"elementor-icon\">\n\t\t\t<svg aria-hidden=\"true\" class=\"e-font-icon-svg e-fas-star\" viewBox=\"0 0 576 512\" xmlns=\"http:\/\/www.w3.org\/2000\/svg\"><path d=\"M259.3 17.8L194 150.2 47.9 171.5c-26.2 3.8-36.7 36.1-17.7 54.6l105.7 103-25 145.5c-4.5 26.3 23.2 46 46.4 33.7L288 439.6l130.7 68.7c23.2 12.2 50.9-7.4 46.4-33.7l-25-145.5 105.7-103c19-18.5 8.5-50.8-17.7-54.6L382 150.2 316.7 17.8c-11.7-23.6-45.6-23.9-57.4 0z\"><\/path><\/svg>\t\t\t<\/div>\n\t\t<\/div>\n\t\t\t\t\t\t<\/div>\n\t\t\t\t<\/div>\n\t\t\t\t<div class=\"elementor-element elementor-element-5f426c5 elementor-widget elementor-widget-heading\" data-id=\"5f426c5\" data-element_type=\"widget\" data-widget_type=\"heading.default\">\n\t\t\t\t<div class=\"elementor-widget-container\">\n\t\t\t\t\t<h2 class=\"elementor-heading-title elementor-size-default\">Planos Acess\u00edveis<\/h2>\t\t\t\t<\/div>\n\t\t\t\t<\/div>\n\t\t\t\t<div class=\"elementor-element elementor-element-611091e elementor-widget elementor-widget-text-editor\" data-id=\"611091e\" data-element_type=\"widget\" data-widget_type=\"text-editor.default\">\n\t\t\t\t<div class=\"elementor-widget-container\">\n\t\t\t\t\t\t\t\t\t<p>Op\u00e7\u00f5es com mensalidades que cabem no seu bolso e sem car\u00eancia para urg\u00eancias.<\/p>\t\t\t\t\t\t\t\t<\/div>\n\t\t\t\t<\/div>\n\t\t\t\t<\/div>\n\t\t\t\t<\/div>\n\t\t\t\t\t<\/div>\n\t\t\t\t<\/div>\n\t\t<div class=\"elementor-element elementor-element-5bc89cf e-flex e-con-boxed e-con e-parent\" data-id=\"5bc89cf\" data-element_type=\"container\" data-settings=\"{&quot;background_background&quot;:&quot;classic&quot;}\">\n\t\t\t\t\t<div class=\"e-con-inner\">\n\t\t\t\t<div class=\"elementor-element elementor-element-271c36f elementor-align-center elementor-widget elementor-widget-button\" data-id=\"271c36f\" data-element_type=\"widget\" data-widget_type=\"button.default\">\n\t\t\t\t<div class=\"elementor-widget-container\">\n\t\t\t\t\t\t\t\t\t<div class=\"elementor-button-wrapper\">\n\t\t\t\t\t<a class=\"elementor-button elementor-button-link elementor-size-sm elementor-animation-shrink\" href=\"#elementor-action%3Aaction%3Dpopup%3Aopen%26settings%3DeyJpZCI6Ijg1IiwidG9nZ2xlIjpmYWxzZX0%3D\">\n\t\t\t\t\t\t<span class=\"elementor-button-content-wrapper\">\n\t\t\t\t\t\t\t\t\t<span class=\"elementor-button-text\">Receber Or\u00e7amento<\/span>\n\t\t\t\t\t<\/span>\n\t\t\t\t\t<\/a>\n\t\t\t\t<\/div>\n\t\t\t\t\t\t\t\t<\/div>\n\t\t\t\t<\/div>\n\t\t\t\t<div class=\"elementor-element elementor-element-9075655 elementor-widget elementor-widget-heading\" data-id=\"9075655\" data-element_type=\"widget\" data-widget_type=\"heading.default\">\n\t\t\t\t<div class=\"elementor-widget-container\">\n\t\t\t\t\t<h2 class=\"elementor-heading-title elementor-size-default\">Nossos Parceiros <\/h2>\t\t\t\t<\/div>\n\t\t\t\t<\/div>\n\t\t\t\t<div class=\"elementor-element elementor-element-06882ae elementor-widget-divider--view-line elementor-widget elementor-widget-divider\" data-id=\"06882ae\" data-element_type=\"widget\" data-widget_type=\"divider.default\">\n\t\t\t\t<div class=\"elementor-widget-container\">\n\t\t\t\t\t\t\t<div class=\"elementor-divider\">\n\t\t\t<span class=\"elementor-divider-separator\">\n\t\t\t\t\t\t<\/span>\n\t\t<\/div>\n\t\t\t\t\t\t<\/div>\n\t\t\t\t<\/div>\n\t\t\t\t\t<\/div>\n\t\t\t\t<\/div>\n\t\t<div class=\"elementor-element elementor-element-9158c50 e-flex e-con-boxed e-con e-parent\" data-id=\"9158c50\" data-element_type=\"container\">\n\t\t\t\t\t<div class=\"e-con-inner\">\n\t\t\t\t<div class=\"elementor-element elementor-element-f7a6580 elementor-widget elementor-widget-image\" data-id=\"f7a6580\" data-element_type=\"widget\" data-widget_type=\"image.default\">\n\t\t\t\t<div class=\"elementor-widget-container\">\n\t\t\t\t\t\t\t\t\t\t\t\t\t\t\t<img fetchpriority=\"high\" decoding=\"async\" width=\"800\" height=\"266\" src=\"https:\/\/corretorayou.com.br\/wp-content\/uploads\/2025\/01\/operadoras-site-you-1200-x-400-px-4-1024x341.png\" class=\"attachment-large size-large wp-image-145\" alt=\"\" srcset=\"https:\/\/corretorayou.com.br\/wp-content\/uploads\/2025\/01\/operadoras-site-you-1200-x-400-px-4-1024x341.png 1024w, https:\/\/corretorayou.com.br\/wp-content\/uploads\/2025\/01\/operadoras-site-you-1200-x-400-px-4-300x100.png 300w, https:\/\/corretorayou.com.br\/wp-content\/uploads\/2025\/01\/operadoras-site-you-1200-x-400-px-4-768x256.png 768w, https:\/\/corretorayou.com.br\/wp-content\/uploads\/2025\/01\/operadoras-site-you-1200-x-400-px-4.png 1200w\" sizes=\"(max-width: 800px) 100vw, 800px\" \/>\t\t\t\t\t\t\t\t\t\t\t\t\t\t\t<\/div>\n\t\t\t\t<\/div>\n\t\t\t\t\t<\/div>\n\t\t\t\t<\/div>\n\t\t<div class=\"elementor-element elementor-element-40fb0ac e-flex e-con-boxed e-con e-parent\" data-id=\"40fb0ac\" data-element_type=\"container\" data-settings=\"{&quot;shape_divider_bottom&quot;:&quot;split&quot;}\">\n\t\t\t\t\t<div class=\"e-con-inner\">\n\t\t\t\t<div class=\"elementor-shape elementor-shape-bottom\" data-negative=\"false\">\n\t\t\t<svg xmlns=\"http:\/\/www.w3.org\/2000\/svg\" viewBox=\"0 0 1000 20\" preserveAspectRatio=\"none\">\n\t<path class=\"elementor-shape-fill\" d=\"M0,0v3c0,0,393.8,0,483.4,0c9.2,0,16.6,7.4,16.6,16.6c0-9.1,7.4-16.6,16.6-16.6C606.2,3,1000,3,1000,3V0H0z\"\/>\n<\/svg>\t\t<\/div>\n\t\t\t\t<div class=\"elementor-element elementor-element-8fe21b3 elementor-align-center elementor-widget elementor-widget-button\" data-id=\"8fe21b3\" data-element_type=\"widget\" data-widget_type=\"button.default\">\n\t\t\t\t<div class=\"elementor-widget-container\">\n\t\t\t\t\t\t\t\t\t<div class=\"elementor-button-wrapper\">\n\t\t\t\t\t<a class=\"elementor-button elementor-button-link elementor-size-sm elementor-animation-shrink\" href=\"#elementor-action%3Aaction%3Dpopup%3Aopen%26settings%3DeyJpZCI6Ijg1IiwidG9nZ2xlIjpmYWxzZX0%3D\">\n\t\t\t\t\t\t<span class=\"elementor-button-content-wrapper\">\n\t\t\t\t\t\t\t\t\t<span class=\"elementor-button-text\">Receber Or\u00e7amento<\/span>\n\t\t\t\t\t<\/span>\n\t\t\t\t\t<\/a>\n\t\t\t\t<\/div>\n\t\t\t\t\t\t\t\t<\/div>\n\t\t\t\t<\/div>\n\t\t\t\t\t<\/div>\n\t\t\t\t<\/div>\n\t\t\t\t<\/div>\n\t\t","protected":false},"excerpt":{"rendered":"<p>Planos Odontol\u00f3gicos Um sorriso saud\u00e1vel faz toda a diferen\u00e7a! Com nossos planos odontol\u00f3gicos , voc\u00ea tem acesso a uma ampla rede de dentistas, cobertura para consultas, tratamentos, procedimentos preventivos e muito mais. Seja para voc\u00ea, sua fam\u00edlia ou sua empresa, oferecemos solu\u00e7\u00f5es acess\u00edveis e completas. Invista no seu sorriso e fale com um consultor agora [&hellip;]<\/p>\n","protected":false},"author":1,"featured_media":0,"parent":0,"menu_order":0,"comment_status":"closed","ping_status":"closed","template":"elementor_header_footer","meta":{"_joinchat":[],"footnotes":""},"class_list":["post-139","page","type-page","status-publish","hentry"],"yoast_head":"<!-- This site is optimized with the Yoast SEO plugin v24.3 - https:\/\/yoast.com\/wordpress\/plugins\/seo\/ -->\n<title>Planos Odontol\u00f3gicos - Corretora YOU<\/title>\n<meta name=\"robots\" content=\"index, follow, max-snippet:-1, max-image-preview:large, max-video-preview:-1\" \/>\n<link rel=\"canonical\" href=\"https:\/\/corretorayou.com.br\/?page_id=139\" \/>\n<meta property=\"og:locale\" content=\"pt_BR\" \/>\n<meta property=\"og:type\" content=\"article\" \/>\n<meta property=\"og:title\" content=\"Planos Odontol\u00f3gicos - Corretora YOU\" \/>\n<meta property=\"og:description\" content=\"Planos Odontol\u00f3gicos Um sorriso saud\u00e1vel faz toda a diferen\u00e7a! Com nossos planos odontol\u00f3gicos , voc\u00ea tem acesso a uma ampla rede de dentistas, cobertura para consultas, tratamentos, procedimentos preventivos e muito mais. Seja para voc\u00ea, sua fam\u00edlia ou sua empresa, oferecemos solu\u00e7\u00f5es acess\u00edveis e completas. Invista no seu sorriso e fale com um consultor agora [&hellip;]\" \/>\n<meta property=\"og:url\" content=\"https:\/\/corretorayou.com.br\/?page_id=139\" \/>\n<meta property=\"og:site_name\" content=\"Corretora YOU\" \/>\n<meta property=\"article:publisher\" content=\"https:\/\/www.facebook.com\/people\/You-Corretora\/pfbid02R5XhpBB5fXahTwGgnEwYAxZjwjpSuxdU2ADLFwxTgSGpYuYAS5jGqdrZf9TYjFtFl\/\" \/>\n<meta property=\"article:modified_time\" content=\"2025-02-21T19:17:29+00:00\" \/>\n<meta property=\"og:image\" content=\"https:\/\/corretorayou.com.br\/wp-content\/uploads\/2025\/01\/operadoras-site-you-1200-x-400-px-4.png\" \/>\n\t<meta property=\"og:image:width\" content=\"1200\" \/>\n\t<meta property=\"og:image:height\" content=\"400\" \/>\n\t<meta property=\"og:image:type\" content=\"image\/png\" \/>\n<meta name=\"twitter:card\" content=\"summary_large_image\" \/>\n<meta name=\"twitter:label1\" content=\"Est. tempo de leitura\" \/>\n\t<meta name=\"twitter:data1\" content=\"1 minuto\" \/>\n<script type=\"application\/ld+json\" class=\"yoast-schema-graph\">{\"@context\":\"https:\/\/schema.org\",\"@graph\":[{\"@type\":\"WebPage\",\"@id\":\"https:\/\/corretorayou.com.br\/?page_id=139\",\"url\":\"https:\/\/corretorayou.com.br\/?page_id=139\",\"name\":\"Planos Odontol\u00f3gicos - Corretora YOU\",\"isPartOf\":{\"@id\":\"https:\/\/corretorayou.com.br\/#website\"},\"primaryImageOfPage\":{\"@id\":\"https:\/\/corretorayou.com.br\/?page_id=139#primaryimage\"},\"image\":{\"@id\":\"https:\/\/corretorayou.com.br\/?page_id=139#primaryimage\"},\"thumbnailUrl\":\"https:\/\/corretorayou.com.br\/wp-content\/uploads\/2025\/01\/operadoras-site-you-1200-x-400-px-4-1024x341.png\",\"datePublished\":\"2025-02-01T00:54:45+00:00\",\"dateModified\":\"2025-02-21T19:17:29+00:00\",\"breadcrumb\":{\"@id\":\"https:\/\/corretorayou.com.br\/?page_id=139#breadcrumb\"},\"inLanguage\":\"pt-BR\",\"potentialAction\":[{\"@type\":\"ReadAction\",\"target\":[\"https:\/\/corretorayou.com.br\/?page_id=139\"]}]},{\"@type\":\"ImageObject\",\"inLanguage\":\"pt-BR\",\"@id\":\"https:\/\/corretorayou.com.br\/?page_id=139#primaryimage\",\"url\":\"https:\/\/corretorayou.com.br\/wp-content\/uploads\/2025\/01\/operadoras-site-you-1200-x-400-px-4.png\",\"contentUrl\":\"https:\/\/corretorayou.com.br\/wp-content\/uploads\/2025\/01\/operadoras-site-you-1200-x-400-px-4.png\",\"width\":1200,\"height\":400},{\"@type\":\"BreadcrumbList\",\"@id\":\"https:\/\/corretorayou.com.br\/?page_id=139#breadcrumb\",\"itemListElement\":[{\"@type\":\"ListItem\",\"position\":1,\"name\":\"In\u00edcio\",\"item\":\"https:\/\/corretorayou.com.br\/\"},{\"@type\":\"ListItem\",\"position\":2,\"name\":\"Planos Odontol\u00f3gicos\"}]},{\"@type\":\"WebSite\",\"@id\":\"https:\/\/corretorayou.com.br\/#website\",\"url\":\"https:\/\/corretorayou.com.br\/\",\"name\":\"Corretora YOU\",\"description\":\"\",\"publisher\":{\"@id\":\"https:\/\/corretorayou.com.br\/#organization\"},\"potentialAction\":[{\"@type\":\"SearchAction\",\"target\":{\"@type\":\"EntryPoint\",\"urlTemplate\":\"https:\/\/corretorayou.com.br\/?s={search_term_string}\"},\"query-input\":{\"@type\":\"PropertyValueSpecification\",\"valueRequired\":true,\"valueName\":\"search_term_string\"}}],\"inLanguage\":\"pt-BR\"},{\"@type\":\"Organization\",\"@id\":\"https:\/\/corretorayou.com.br\/#organization\",\"name\":\"Corretora YOU\",\"url\":\"https:\/\/corretorayou.com.br\/\",\"logo\":{\"@type\":\"ImageObject\",\"inLanguage\":\"pt-BR\",\"@id\":\"https:\/\/corretorayou.com.br\/#\/schema\/logo\/image\/\",\"url\":\"https:\/\/corretorayou.com.br\/wp-content\/uploads\/2025\/02\/453993324_122095288478459012_745689678987564054_n.jpg\",\"contentUrl\":\"https:\/\/corretorayou.com.br\/wp-content\/uploads\/2025\/02\/453993324_122095288478459012_745689678987564054_n.jpg\",\"width\":320,\"height\":320,\"caption\":\"Corretora YOU\"},\"image\":{\"@id\":\"https:\/\/corretorayou.com.br\/#\/schema\/logo\/image\/\"},\"sameAs\":[\"https:\/\/www.facebook.com\/people\/You-Corretora\/pfbid02R5XhpBB5fXahTwGgnEwYAxZjwjpSuxdU2ADLFwxTgSGpYuYAS5jGqdrZf9TYjFtFl\/\",\"https:\/\/www.instagram.com\/acorretorayou\/\"]}]}<\/script>\n<!-- \/ Yoast SEO plugin. -->","yoast_head_json":{"title":"Planos Odontol\u00f3gicos - Corretora YOU","robots":{"index":"index","follow":"follow","max-snippet":"max-snippet:-1","max-image-preview":"max-image-preview:large","max-video-preview":"max-video-preview:-1"},"canonical":"https:\/\/corretorayou.com.br\/?page_id=139","og_locale":"pt_BR","og_type":"article","og_title":"Planos Odontol\u00f3gicos - Corretora YOU","og_description":"Planos Odontol\u00f3gicos Um sorriso saud\u00e1vel faz toda a diferen\u00e7a! Com nossos planos odontol\u00f3gicos , voc\u00ea tem acesso a uma ampla rede de dentistas, cobertura para consultas, tratamentos, procedimentos preventivos e muito mais. Seja para voc\u00ea, sua fam\u00edlia ou sua empresa, oferecemos solu\u00e7\u00f5es acess\u00edveis e completas. Invista no seu sorriso e fale com um consultor agora [&hellip;]","og_url":"https:\/\/corretorayou.com.br\/?page_id=139","og_site_name":"Corretora YOU","article_publisher":"https:\/\/www.facebook.com\/people\/You-Corretora\/pfbid02R5XhpBB5fXahTwGgnEwYAxZjwjpSuxdU2ADLFwxTgSGpYuYAS5jGqdrZf9TYjFtFl\/","article_modified_time":"2025-02-21T19:17:29+00:00","og_image":[{"width":1200,"height":400,"url":"https:\/\/corretorayou.com.br\/wp-content\/uploads\/2025\/01\/operadoras-site-you-1200-x-400-px-4.png","type":"image\/png"}],"twitter_card":"summary_large_image","twitter_misc":{"Est. tempo de leitura":"1 minuto"},"schema":{"@context":"https:\/\/schema.org","@graph":[{"@type":"WebPage","@id":"https:\/\/corretorayou.com.br\/?page_id=139","url":"https:\/\/corretorayou.com.br\/?page_id=139","name":"Planos Odontol\u00f3gicos - Corretora YOU","isPartOf":{"@id":"https:\/\/corretorayou.com.br\/#website"},"primaryImageOfPage":{"@id":"https:\/\/corretorayou.com.br\/?page_id=139#primaryimage"},"image":{"@id":"https:\/\/corretorayou.com.br\/?page_id=139#primaryimage"},"thumbnailUrl":"https:\/\/corretorayou.com.br\/wp-content\/uploads\/2025\/01\/operadoras-site-you-1200-x-400-px-4-1024x341.png","datePublished":"2025-02-01T00:54:45+00:00","dateModified":"2025-02-21T19:17:29+00:00","breadcrumb":{"@id":"https:\/\/corretorayou.com.br\/?page_id=139#breadcrumb"},"inLanguage":"pt-BR","potentialAction":[{"@type":"ReadAction","target":["https:\/\/corretorayou.com.br\/?page_id=139"]}]},{"@type":"ImageObject","inLanguage":"pt-BR","@id":"https:\/\/corretorayou.com.br\/?page_id=139#primaryimage","url":"https:\/\/corretorayou.com.br\/wp-content\/uploads\/2025\/01\/operadoras-site-you-1200-x-400-px-4.png","contentUrl":"https:\/\/corretorayou.com.br\/wp-content\/uploads\/2025\/01\/operadoras-site-you-1200-x-400-px-4.png","width":1200,"height":400},{"@type":"BreadcrumbList","@id":"https:\/\/corretorayou.com.br\/?page_id=139#breadcrumb","itemListElement":[{"@type":"ListItem","position":1,"name":"In\u00edcio","item":"https:\/\/corretorayou.com.br\/"},{"@type":"ListItem","position":2,"name":"Planos Odontol\u00f3gicos"}]},{"@type":"WebSite","@id":"https:\/\/corretorayou.com.br\/#website","url":"https:\/\/corretorayou.com.br\/","name":"Corretora YOU","description":"","publisher":{"@id":"https:\/\/corretorayou.com.br\/#organization"},"potentialAction":[{"@type":"SearchAction","target":{"@type":"EntryPoint","urlTemplate":"https:\/\/corretorayou.com.br\/?s={search_term_string}"},"query-input":{"@type":"PropertyValueSpecification","valueRequired":true,"valueName":"search_term_string"}}],"inLanguage":"pt-BR"},{"@type":"Organization","@id":"https:\/\/corretorayou.com.br\/#organization","name":"Corretora YOU","url":"https:\/\/corretorayou.com.br\/","logo":{"@type":"ImageObject","inLanguage":"pt-BR","@id":"https:\/\/corretorayou.com.br\/#\/schema\/logo\/image\/","url":"https:\/\/corretorayou.com.br\/wp-content\/uploads\/2025\/02\/453993324_122095288478459012_745689678987564054_n.jpg","contentUrl":"https:\/\/corretorayou.com.br\/wp-content\/uploads\/2025\/02\/453993324_122095288478459012_745689678987564054_n.jpg","width":320,"height":320,"caption":"Corretora YOU"},"image":{"@id":"https:\/\/corretorayou.com.br\/#\/schema\/logo\/image\/"},"sameAs":["https:\/\/www.facebook.com\/people\/You-Corretora\/pfbid02R5XhpBB5fXahTwGgnEwYAxZjwjpSuxdU2ADLFwxTgSGpYuYAS5jGqdrZf9TYjFtFl\/","https:\/\/www.instagram.com\/acorretorayou\/"]}]}},"_links":{"self":[{"href":"https:\/\/corretorayou.com.br\/index.php?rest_route=\/wp\/v2\/pages\/139","targetHints":{"allow":["GET"]}}],"collection":[{"href":"https:\/\/corretorayou.com.br\/index.php?rest_route=\/wp\/v2\/pages"}],"about":[{"href":"https:\/\/corretorayou.com.br\/index.php?rest_route=\/wp\/v2\/types\/page"}],"author":[{"embeddable":true,"href":"https:\/\/corretorayou.com.br\/index.php?rest_route=\/wp\/v2\/users\/1"}],"replies":[{"embeddable":true,"href":"https:\/\/corretorayou.com.br\/index.php?rest_route=%2Fwp%2Fv2%2Fcomments&post=139"}],"version-history":[{"count":30,"href":"https:\/\/corretorayou.com.br\/index.php?rest_route=\/wp\/v2\/pages\/139\/revisions"}],"predecessor-version":[{"id":442,"href":"https:\/\/corretorayou.com.br\/index.php?rest_route=\/wp\/v2\/pages\/139\/revisions\/442"}],"wp:attachment":[{"href":"https:\/\/corretorayou.com.br\/index.php?rest_route=%2Fwp%2Fv2%2Fmedia&parent=139"}],"curies":[{"name":"wp","href":"https:\/\/api.w.org\/{rel}","templated":true}]}}