{"id":117,"date":"2025-01-30T16:00:00","date_gmt":"2025-01-30T19:00:00","guid":{"rendered":"http:\/\/corretorayou.com.br\/?page_id=117"},"modified":"2025-03-31T16:31:21","modified_gmt":"2025-03-31T19:31:21","slug":"planos-de-saude","status":"publish","type":"page","link":"https:\/\/corretorayou.com.br\/?page_id=117","title":{"rendered":"Planos de Sa\u00fade"},"content":{"rendered":"\t\t<div data-elementor-type=\"wp-page\" data-elementor-id=\"117\" class=\"elementor elementor-117\" data-elementor-post-type=\"page\">\n\t\t\t\t<div class=\"elementor-element elementor-element-3ddf5d8 e-flex e-con-boxed e-con e-parent\" data-id=\"3ddf5d8\" data-element_type=\"container\">\n\t\t\t\t\t<div class=\"e-con-inner\">\n\t\t<div class=\"elementor-element elementor-element-7143cd3 e-con-full e-flex e-con e-child\" data-id=\"7143cd3\" data-element_type=\"container\">\n\t\t<div class=\"elementor-element elementor-element-342a9cf e-con-full e-flex e-con e-child\" data-id=\"342a9cf\" data-element_type=\"container\">\n\t\t\t\t<div class=\"elementor-element elementor-element-b5f191e elementor-widget elementor-widget-heading\" data-id=\"b5f191e\" data-element_type=\"widget\" data-widget_type=\"heading.default\">\n\t\t\t\t<div class=\"elementor-widget-container\">\n\t\t\t\t\t<h2 class=\"elementor-heading-title elementor-size-default\">\nPlanos de Sa\u00fade<\/h2>\t\t\t\t<\/div>\n\t\t\t\t<\/div>\n\t\t<div class=\"elementor-element elementor-element-7f31def e-con-full e-flex e-con e-child\" data-id=\"7f31def\" data-element_type=\"container\">\n\t\t\t\t<div class=\"elementor-element elementor-element-be209c5 elementor-widget elementor-widget-text-editor\" data-id=\"be209c5\" data-element_type=\"widget\" data-widget_type=\"text-editor.default\">\n\t\t\t\t<div class=\"elementor-widget-container\">\n\t\t\t\t\t\t\t\t\t<blockquote><p>Cuidar da sua sa\u00fade e da sua fam\u00edlia nunca foi t\u00e3o f\u00e1cil! Aqui voc\u00ea encontra op\u00e7\u00f5es de <strong data-start=\"156\" data-end=\"217\">planos individuais, familiares, empresariais e por ades\u00e3o<\/strong> , garantindo acesso a uma rede de hospitais, laborat\u00f3rios e m\u00e9dicos de qualidade. Com diferentes coberturas e valores, n\u00f3s ajudamos voc\u00ea a escolher a melhor op\u00e7\u00e3o para suas necessidades. <strong data-start=\"400\" data-end=\"468\">Solicite uma cota\u00e7\u00e3o e comece a cuidar do que realmente importa!<\/strong><\/p><\/blockquote>\t\t\t\t\t\t\t\t<\/div>\n\t\t\t\t<\/div>\n\t\t\t\t<\/div>\n\t\t\t\t<div class=\"elementor-element elementor-element-035b0f3 elementor-align-center elementor-widget elementor-widget-button\" data-id=\"035b0f3\" data-element_type=\"widget\" data-widget_type=\"button.default\">\n\t\t\t\t<div class=\"elementor-widget-container\">\n\t\t\t\t\t\t\t\t\t<div class=\"elementor-button-wrapper\">\n\t\t\t\t\t<a class=\"elementor-button elementor-button-link elementor-size-sm elementor-animation-shrink\" href=\"#elementor-action%3Aaction%3Dpopup%3Aopen%26settings%3DeyJpZCI6Ijg1IiwidG9nZ2xlIjpmYWxzZX0%3D\">\n\t\t\t\t\t\t<span class=\"elementor-button-content-wrapper\">\n\t\t\t\t\t\t\t\t\t<span class=\"elementor-button-text\">Receber Or\u00e7amento<\/span>\n\t\t\t\t\t<\/span>\n\t\t\t\t\t<\/a>\n\t\t\t\t<\/div>\n\t\t\t\t\t\t\t\t<\/div>\n\t\t\t\t<\/div>\n\t\t\t\t<\/div>\n\t\t\t\t<\/div>\n\t\t\t\t\t<\/div>\n\t\t\t\t<\/div>\n\t\t<div class=\"elementor-element elementor-element-5323bfa e-flex e-con-boxed e-con e-parent\" data-id=\"5323bfa\" data-element_type=\"container\">\n\t\t\t\t\t<div class=\"e-con-inner\">\n\t\t<div class=\"elementor-element elementor-element-683565e e-con-full e-flex e-con e-child\" data-id=\"683565e\" data-element_type=\"container\">\n\t\t<div class=\"elementor-element elementor-element-780ea28 e-con-full e-flex e-con e-child\" data-id=\"780ea28\" data-element_type=\"container\">\n\t\t\t\t<div class=\"elementor-element elementor-element-2ba8099 elementor-view-default elementor-widget elementor-widget-icon\" data-id=\"2ba8099\" data-element_type=\"widget\" data-widget_type=\"icon.default\">\n\t\t\t\t<div class=\"elementor-widget-container\">\n\t\t\t\t\t\t\t<div class=\"elementor-icon-wrapper\">\n\t\t\t<div class=\"elementor-icon\">\n\t\t\t<svg aria-hidden=\"true\" class=\"e-font-icon-svg e-far-building\" viewBox=\"0 0 448 512\" xmlns=\"http:\/\/www.w3.org\/2000\/svg\"><path d=\"M128 148v-40c0-6.6 5.4-12 12-12h40c6.6 0 12 5.4 12 12v40c0 6.6-5.4 12-12 12h-40c-6.6 0-12-5.4-12-12zm140 12h40c6.6 0 12-5.4 12-12v-40c0-6.6-5.4-12-12-12h-40c-6.6 0-12 5.4-12 12v40c0 6.6 5.4 12 12 12zm-128 96h40c6.6 0 12-5.4 12-12v-40c0-6.6-5.4-12-12-12h-40c-6.6 0-12 5.4-12 12v40c0 6.6 5.4 12 12 12zm128 0h40c6.6 0 12-5.4 12-12v-40c0-6.6-5.4-12-12-12h-40c-6.6 0-12 5.4-12 12v40c0 6.6 5.4 12 12 12zm-76 84v-40c0-6.6-5.4-12-12-12h-40c-6.6 0-12 5.4-12 12v40c0 6.6 5.4 12 12 12h40c6.6 0 12-5.4 12-12zm76 12h40c6.6 0 12-5.4 12-12v-40c0-6.6-5.4-12-12-12h-40c-6.6 0-12 5.4-12 12v40c0 6.6 5.4 12 12 12zm180 124v36H0v-36c0-6.6 5.4-12 12-12h19.5V24c0-13.3 10.7-24 24-24h337c13.3 0 24 10.7 24 24v440H436c6.6 0 12 5.4 12 12zM79.5 463H192v-67c0-6.6 5.4-12 12-12h40c6.6 0 12 5.4 12 12v67h112.5V49L80 48l-.5 415z\"><\/path><\/svg>\t\t\t<\/div>\n\t\t<\/div>\n\t\t\t\t\t\t<\/div>\n\t\t\t\t<\/div>\n\t\t\t\t<div class=\"elementor-element elementor-element-8734b72 elementor-widget elementor-widget-heading\" data-id=\"8734b72\" data-element_type=\"widget\" data-widget_type=\"heading.default\">\n\t\t\t\t<div class=\"elementor-widget-container\">\n\t\t\t\t\t<h2 class=\"elementor-heading-title elementor-size-default\">Cobertura Completa<\/h2>\t\t\t\t<\/div>\n\t\t\t\t<\/div>\n\t\t\t\t<div class=\"elementor-element elementor-element-c1ff55a elementor-widget elementor-widget-text-editor\" data-id=\"c1ff55a\" data-element_type=\"widget\" data-widget_type=\"text-editor.default\">\n\t\t\t\t<div class=\"elementor-widget-container\">\n\t\t\t\t\t\t\t\t\t<p>Acesse uma ampla rede de hospitais, laborat\u00f3rios e m\u00e9dicos especializados.<\/p>\t\t\t\t\t\t\t\t<\/div>\n\t\t\t\t<\/div>\n\t\t\t\t<\/div>\n\t\t\t\t<\/div>\n\t\t<div class=\"elementor-element elementor-element-df91831 e-con-full e-flex e-con e-child\" data-id=\"df91831\" data-element_type=\"container\">\n\t\t<div class=\"elementor-element elementor-element-6a5f12e e-con-full e-flex e-con e-child\" data-id=\"6a5f12e\" data-element_type=\"container\">\n\t\t\t\t<div class=\"elementor-element elementor-element-380558e elementor-view-default elementor-widget elementor-widget-icon\" data-id=\"380558e\" data-element_type=\"widget\" data-widget_type=\"icon.default\">\n\t\t\t\t<div class=\"elementor-widget-container\">\n\t\t\t\t\t\t\t<div class=\"elementor-icon-wrapper\">\n\t\t\t<div class=\"elementor-icon\">\n\t\t\t<svg aria-hidden=\"true\" class=\"e-font-icon-svg e-far-calendar-alt\" viewBox=\"0 0 448 512\" xmlns=\"http:\/\/www.w3.org\/2000\/svg\"><path d=\"M148 288h-40c-6.6 0-12-5.4-12-12v-40c0-6.6 5.4-12 12-12h40c6.6 0 12 5.4 12 12v40c0 6.6-5.4 12-12 12zm108-12v-40c0-6.6-5.4-12-12-12h-40c-6.6 0-12 5.4-12 12v40c0 6.6 5.4 12 12 12h40c6.6 0 12-5.4 12-12zm96 0v-40c0-6.6-5.4-12-12-12h-40c-6.6 0-12 5.4-12 12v40c0 6.6 5.4 12 12 12h40c6.6 0 12-5.4 12-12zm-96 96v-40c0-6.6-5.4-12-12-12h-40c-6.6 0-12 5.4-12 12v40c0 6.6 5.4 12 12 12h40c6.6 0 12-5.4 12-12zm-96 0v-40c0-6.6-5.4-12-12-12h-40c-6.6 0-12 5.4-12 12v40c0 6.6 5.4 12 12 12h40c6.6 0 12-5.4 12-12zm192 0v-40c0-6.6-5.4-12-12-12h-40c-6.6 0-12 5.4-12 12v40c0 6.6 5.4 12 12 12h40c6.6 0 12-5.4 12-12zm96-260v352c0 26.5-21.5 48-48 48H48c-26.5 0-48-21.5-48-48V112c0-26.5 21.5-48 48-48h48V12c0-6.6 5.4-12 12-12h40c6.6 0 12 5.4 12 12v52h128V12c0-6.6 5.4-12 12-12h40c6.6 0 12 5.4 12 12v52h48c26.5 0 48 21.5 48 48zm-48 346V160H48v298c0 3.3 2.7 6 6 6h340c3.3 0 6-2.7 6-6z\"><\/path><\/svg>\t\t\t<\/div>\n\t\t<\/div>\n\t\t\t\t\t\t<\/div>\n\t\t\t\t<\/div>\n\t\t\t\t<div class=\"elementor-element elementor-element-cac47af elementor-widget elementor-widget-heading\" data-id=\"cac47af\" data-element_type=\"widget\" data-widget_type=\"heading.default\">\n\t\t\t\t<div class=\"elementor-widget-container\">\n\t\t\t\t\t<h2 class=\"elementor-heading-title elementor-size-default\">Op\u00e7\u00f5es Flex\u00edveis <\/h2>\t\t\t\t<\/div>\n\t\t\t\t<\/div>\n\t\t\t\t<div class=\"elementor-element elementor-element-5b72b9a elementor-widget elementor-widget-text-editor\" data-id=\"5b72b9a\" data-element_type=\"widget\" data-widget_type=\"text-editor.default\">\n\t\t\t\t<div class=\"elementor-widget-container\">\n\t\t\t\t\t\t\t\t\t<p>Escolha entre planos individuais, familiares, empresariais ou por ades\u00e3o.<\/p>\t\t\t\t\t\t\t\t<\/div>\n\t\t\t\t<\/div>\n\t\t\t\t<\/div>\n\t\t\t\t<\/div>\n\t\t<div class=\"elementor-element elementor-element-e26bdff e-con-full e-flex e-con e-child\" data-id=\"e26bdff\" data-element_type=\"container\">\n\t\t<div class=\"elementor-element elementor-element-7473559 e-con-full e-flex e-con e-child\" data-id=\"7473559\" data-element_type=\"container\">\n\t\t\t\t<div class=\"elementor-element elementor-element-9a8bba2 elementor-view-default elementor-widget elementor-widget-icon\" data-id=\"9a8bba2\" data-element_type=\"widget\" data-widget_type=\"icon.default\">\n\t\t\t\t<div class=\"elementor-widget-container\">\n\t\t\t\t\t\t\t<div class=\"elementor-icon-wrapper\">\n\t\t\t<div class=\"elementor-icon\">\n\t\t\t<svg aria-hidden=\"true\" class=\"e-font-icon-svg e-fas-user\" viewBox=\"0 0 448 512\" xmlns=\"http:\/\/www.w3.org\/2000\/svg\"><path d=\"M224 256c70.7 0 128-57.3 128-128S294.7 0 224 0 96 57.3 96 128s57.3 128 128 128zm89.6 32h-16.7c-22.2 10.2-46.9 16-72.9 16s-50.6-5.8-72.9-16h-16.7C60.2 288 0 348.2 0 422.4V464c0 26.5 21.5 48 48 48h352c26.5 0 48-21.5 48-48v-41.6c0-74.2-60.2-134.4-134.4-134.4z\"><\/path><\/svg>\t\t\t<\/div>\n\t\t<\/div>\n\t\t\t\t\t\t<\/div>\n\t\t\t\t<\/div>\n\t\t\t\t<div class=\"elementor-element elementor-element-e00526e elementor-widget elementor-widget-heading\" data-id=\"e00526e\" data-element_type=\"widget\" data-widget_type=\"heading.default\">\n\t\t\t\t<div class=\"elementor-widget-container\">\n\t\t\t\t\t<h2 class=\"elementor-heading-title elementor-size-default\">Atendimento de Qualidade<\/h2>\t\t\t\t<\/div>\n\t\t\t\t<\/div>\n\t\t\t\t<div class=\"elementor-element elementor-element-081a0ec elementor-widget elementor-widget-text-editor\" data-id=\"081a0ec\" data-element_type=\"widget\" data-widget_type=\"text-editor.default\">\n\t\t\t\t<div class=\"elementor-widget-container\">\n\t\t\t\t\t\t\t\t\t<p>Conte com suporte especializado para encontrar o plano ideal para voc\u00ea.<\/p>\t\t\t\t\t\t\t\t<\/div>\n\t\t\t\t<\/div>\n\t\t\t\t<\/div>\n\t\t\t\t<\/div>\n\t\t\t\t\t<\/div>\n\t\t\t\t<\/div>\n\t\t<div class=\"elementor-element elementor-element-eca5389 e-flex e-con-boxed e-con e-parent\" data-id=\"eca5389\" data-element_type=\"container\" data-settings=\"{&quot;background_background&quot;:&quot;classic&quot;}\">\n\t\t\t\t\t<div class=\"e-con-inner\">\n\t\t\t\t<div class=\"elementor-element elementor-element-e31d1bf elementor-widget elementor-widget-heading\" data-id=\"e31d1bf\" data-element_type=\"widget\" data-widget_type=\"heading.default\">\n\t\t\t\t<div class=\"elementor-widget-container\">\n\t\t\t\t\t<h2 class=\"elementor-heading-title elementor-size-default\">Nossos Parceiros <\/h2>\t\t\t\t<\/div>\n\t\t\t\t<\/div>\n\t\t\t\t\t<\/div>\n\t\t\t\t<\/div>\n\t\t<div class=\"elementor-element elementor-element-f983281 e-flex e-con-boxed e-con e-parent\" data-id=\"f983281\" data-element_type=\"container\">\n\t\t\t\t\t<div class=\"e-con-inner\">\n\t\t\t\t<div class=\"elementor-element elementor-element-c5dbb8f elementor-widget elementor-widget-image\" data-id=\"c5dbb8f\" data-element_type=\"widget\" data-widget_type=\"image.default\">\n\t\t\t\t<div class=\"elementor-widget-container\">\n\t\t\t\t\t\t\t\t\t\t\t\t\t\t\t<img fetchpriority=\"high\" decoding=\"async\" width=\"800\" height=\"266\" src=\"https:\/\/corretorayou.com.br\/wp-content\/uploads\/2025\/01\/operadoras-site-you-1200-x-400-px-1024x341.png\" class=\"attachment-large size-large wp-image-128\" alt=\"\" srcset=\"https:\/\/corretorayou.com.br\/wp-content\/uploads\/2025\/01\/operadoras-site-you-1200-x-400-px-1024x341.png 1024w, https:\/\/corretorayou.com.br\/wp-content\/uploads\/2025\/01\/operadoras-site-you-1200-x-400-px-300x100.png 300w, https:\/\/corretorayou.com.br\/wp-content\/uploads\/2025\/01\/operadoras-site-you-1200-x-400-px-768x256.png 768w, https:\/\/corretorayou.com.br\/wp-content\/uploads\/2025\/01\/operadoras-site-you-1200-x-400-px.png 1200w\" sizes=\"(max-width: 800px) 100vw, 800px\" \/>\t\t\t\t\t\t\t\t\t\t\t\t\t\t\t<\/div>\n\t\t\t\t<\/div>\n\t\t\t\t\t<\/div>\n\t\t\t\t<\/div>\n\t\t\t\t<\/div>\n\t\t","protected":false},"excerpt":{"rendered":"<p>Planos de Sa\u00fade Cuidar da sua sa\u00fade e da sua fam\u00edlia nunca foi t\u00e3o f\u00e1cil! Aqui voc\u00ea encontra op\u00e7\u00f5es de planos individuais, familiares, empresariais e por ades\u00e3o , garantindo acesso a uma rede de hospitais, laborat\u00f3rios e m\u00e9dicos de qualidade. Com diferentes coberturas e valores, n\u00f3s ajudamos voc\u00ea a escolher a melhor op\u00e7\u00e3o para suas [&hellip;]<\/p>\n","protected":false},"author":1,"featured_media":0,"parent":0,"menu_order":0,"comment_status":"closed","ping_status":"closed","template":"elementor_header_footer","meta":{"_joinchat":[],"footnotes":""},"class_list":["post-117","page","type-page","status-publish","hentry"],"yoast_head":"<!-- This site is optimized with the Yoast SEO plugin v24.3 - https:\/\/yoast.com\/wordpress\/plugins\/seo\/ -->\n<title>Planos de Sa\u00fade - Corretora YOU<\/title>\n<meta name=\"robots\" content=\"index, follow, max-snippet:-1, max-image-preview:large, max-video-preview:-1\" \/>\n<link rel=\"canonical\" href=\"https:\/\/corretorayou.com.br\/?page_id=117\" \/>\n<meta property=\"og:locale\" content=\"pt_BR\" \/>\n<meta property=\"og:type\" content=\"article\" \/>\n<meta property=\"og:title\" content=\"Planos de Sa\u00fade - Corretora YOU\" \/>\n<meta property=\"og:description\" content=\"Planos de Sa\u00fade Cuidar da sua sa\u00fade e da sua fam\u00edlia nunca foi t\u00e3o f\u00e1cil! Aqui voc\u00ea encontra op\u00e7\u00f5es de planos individuais, familiares, empresariais e por ades\u00e3o , garantindo acesso a uma rede de hospitais, laborat\u00f3rios e m\u00e9dicos de qualidade. Com diferentes coberturas e valores, n\u00f3s ajudamos voc\u00ea a escolher a melhor op\u00e7\u00e3o para suas [&hellip;]\" \/>\n<meta property=\"og:url\" content=\"https:\/\/corretorayou.com.br\/?page_id=117\" \/>\n<meta property=\"og:site_name\" content=\"Corretora YOU\" \/>\n<meta property=\"article:publisher\" content=\"https:\/\/www.facebook.com\/people\/You-Corretora\/pfbid02R5XhpBB5fXahTwGgnEwYAxZjwjpSuxdU2ADLFwxTgSGpYuYAS5jGqdrZf9TYjFtFl\/\" \/>\n<meta property=\"article:modified_time\" content=\"2025-03-31T19:31:21+00:00\" \/>\n<meta property=\"og:image\" content=\"https:\/\/corretorayou.com.br\/wp-content\/uploads\/2025\/01\/operadoras-site-you-1200-x-400-px.png\" \/>\n\t<meta property=\"og:image:width\" content=\"1200\" \/>\n\t<meta property=\"og:image:height\" content=\"400\" \/>\n\t<meta property=\"og:image:type\" content=\"image\/png\" \/>\n<meta name=\"twitter:card\" content=\"summary_large_image\" \/>\n<meta name=\"twitter:label1\" content=\"Est. tempo de leitura\" \/>\n\t<meta name=\"twitter:data1\" content=\"1 minuto\" \/>\n<script type=\"application\/ld+json\" class=\"yoast-schema-graph\">{\"@context\":\"https:\/\/schema.org\",\"@graph\":[{\"@type\":\"WebPage\",\"@id\":\"https:\/\/corretorayou.com.br\/?page_id=117\",\"url\":\"https:\/\/corretorayou.com.br\/?page_id=117\",\"name\":\"Planos de Sa\u00fade - Corretora YOU\",\"isPartOf\":{\"@id\":\"https:\/\/corretorayou.com.br\/#website\"},\"primaryImageOfPage\":{\"@id\":\"https:\/\/corretorayou.com.br\/?page_id=117#primaryimage\"},\"image\":{\"@id\":\"https:\/\/corretorayou.com.br\/?page_id=117#primaryimage\"},\"thumbnailUrl\":\"https:\/\/corretorayou.com.br\/wp-content\/uploads\/2025\/01\/operadoras-site-you-1200-x-400-px-1024x341.png\",\"datePublished\":\"2025-01-30T19:00:00+00:00\",\"dateModified\":\"2025-03-31T19:31:21+00:00\",\"breadcrumb\":{\"@id\":\"https:\/\/corretorayou.com.br\/?page_id=117#breadcrumb\"},\"inLanguage\":\"pt-BR\",\"potentialAction\":[{\"@type\":\"ReadAction\",\"target\":[\"https:\/\/corretorayou.com.br\/?page_id=117\"]}]},{\"@type\":\"ImageObject\",\"inLanguage\":\"pt-BR\",\"@id\":\"https:\/\/corretorayou.com.br\/?page_id=117#primaryimage\",\"url\":\"https:\/\/corretorayou.com.br\/wp-content\/uploads\/2025\/01\/operadoras-site-you-1200-x-400-px.png\",\"contentUrl\":\"https:\/\/corretorayou.com.br\/wp-content\/uploads\/2025\/01\/operadoras-site-you-1200-x-400-px.png\",\"width\":1200,\"height\":400},{\"@type\":\"BreadcrumbList\",\"@id\":\"https:\/\/corretorayou.com.br\/?page_id=117#breadcrumb\",\"itemListElement\":[{\"@type\":\"ListItem\",\"position\":1,\"name\":\"In\u00edcio\",\"item\":\"https:\/\/corretorayou.com.br\/\"},{\"@type\":\"ListItem\",\"position\":2,\"name\":\"Planos de Sa\u00fade\"}]},{\"@type\":\"WebSite\",\"@id\":\"https:\/\/corretorayou.com.br\/#website\",\"url\":\"https:\/\/corretorayou.com.br\/\",\"name\":\"Corretora YOU\",\"description\":\"\",\"publisher\":{\"@id\":\"https:\/\/corretorayou.com.br\/#organization\"},\"potentialAction\":[{\"@type\":\"SearchAction\",\"target\":{\"@type\":\"EntryPoint\",\"urlTemplate\":\"https:\/\/corretorayou.com.br\/?s={search_term_string}\"},\"query-input\":{\"@type\":\"PropertyValueSpecification\",\"valueRequired\":true,\"valueName\":\"search_term_string\"}}],\"inLanguage\":\"pt-BR\"},{\"@type\":\"Organization\",\"@id\":\"https:\/\/corretorayou.com.br\/#organization\",\"name\":\"Corretora YOU\",\"url\":\"https:\/\/corretorayou.com.br\/\",\"logo\":{\"@type\":\"ImageObject\",\"inLanguage\":\"pt-BR\",\"@id\":\"https:\/\/corretorayou.com.br\/#\/schema\/logo\/image\/\",\"url\":\"https:\/\/corretorayou.com.br\/wp-content\/uploads\/2025\/02\/453993324_122095288478459012_745689678987564054_n.jpg\",\"contentUrl\":\"https:\/\/corretorayou.com.br\/wp-content\/uploads\/2025\/02\/453993324_122095288478459012_745689678987564054_n.jpg\",\"width\":320,\"height\":320,\"caption\":\"Corretora YOU\"},\"image\":{\"@id\":\"https:\/\/corretorayou.com.br\/#\/schema\/logo\/image\/\"},\"sameAs\":[\"https:\/\/www.facebook.com\/people\/You-Corretora\/pfbid02R5XhpBB5fXahTwGgnEwYAxZjwjpSuxdU2ADLFwxTgSGpYuYAS5jGqdrZf9TYjFtFl\/\",\"https:\/\/www.instagram.com\/acorretorayou\/\"]}]}<\/script>\n<!-- \/ Yoast SEO plugin. -->","yoast_head_json":{"title":"Planos de Sa\u00fade - Corretora YOU","robots":{"index":"index","follow":"follow","max-snippet":"max-snippet:-1","max-image-preview":"max-image-preview:large","max-video-preview":"max-video-preview:-1"},"canonical":"https:\/\/corretorayou.com.br\/?page_id=117","og_locale":"pt_BR","og_type":"article","og_title":"Planos de Sa\u00fade - Corretora YOU","og_description":"Planos de Sa\u00fade Cuidar da sua sa\u00fade e da sua fam\u00edlia nunca foi t\u00e3o f\u00e1cil! Aqui voc\u00ea encontra op\u00e7\u00f5es de planos individuais, familiares, empresariais e por ades\u00e3o , garantindo acesso a uma rede de hospitais, laborat\u00f3rios e m\u00e9dicos de qualidade. Com diferentes coberturas e valores, n\u00f3s ajudamos voc\u00ea a escolher a melhor op\u00e7\u00e3o para suas [&hellip;]","og_url":"https:\/\/corretorayou.com.br\/?page_id=117","og_site_name":"Corretora YOU","article_publisher":"https:\/\/www.facebook.com\/people\/You-Corretora\/pfbid02R5XhpBB5fXahTwGgnEwYAxZjwjpSuxdU2ADLFwxTgSGpYuYAS5jGqdrZf9TYjFtFl\/","article_modified_time":"2025-03-31T19:31:21+00:00","og_image":[{"width":1200,"height":400,"url":"https:\/\/corretorayou.com.br\/wp-content\/uploads\/2025\/01\/operadoras-site-you-1200-x-400-px.png","type":"image\/png"}],"twitter_card":"summary_large_image","twitter_misc":{"Est. tempo de leitura":"1 minuto"},"schema":{"@context":"https:\/\/schema.org","@graph":[{"@type":"WebPage","@id":"https:\/\/corretorayou.com.br\/?page_id=117","url":"https:\/\/corretorayou.com.br\/?page_id=117","name":"Planos de Sa\u00fade - Corretora YOU","isPartOf":{"@id":"https:\/\/corretorayou.com.br\/#website"},"primaryImageOfPage":{"@id":"https:\/\/corretorayou.com.br\/?page_id=117#primaryimage"},"image":{"@id":"https:\/\/corretorayou.com.br\/?page_id=117#primaryimage"},"thumbnailUrl":"https:\/\/corretorayou.com.br\/wp-content\/uploads\/2025\/01\/operadoras-site-you-1200-x-400-px-1024x341.png","datePublished":"2025-01-30T19:00:00+00:00","dateModified":"2025-03-31T19:31:21+00:00","breadcrumb":{"@id":"https:\/\/corretorayou.com.br\/?page_id=117#breadcrumb"},"inLanguage":"pt-BR","potentialAction":[{"@type":"ReadAction","target":["https:\/\/corretorayou.com.br\/?page_id=117"]}]},{"@type":"ImageObject","inLanguage":"pt-BR","@id":"https:\/\/corretorayou.com.br\/?page_id=117#primaryimage","url":"https:\/\/corretorayou.com.br\/wp-content\/uploads\/2025\/01\/operadoras-site-you-1200-x-400-px.png","contentUrl":"https:\/\/corretorayou.com.br\/wp-content\/uploads\/2025\/01\/operadoras-site-you-1200-x-400-px.png","width":1200,"height":400},{"@type":"BreadcrumbList","@id":"https:\/\/corretorayou.com.br\/?page_id=117#breadcrumb","itemListElement":[{"@type":"ListItem","position":1,"name":"In\u00edcio","item":"https:\/\/corretorayou.com.br\/"},{"@type":"ListItem","position":2,"name":"Planos de Sa\u00fade"}]},{"@type":"WebSite","@id":"https:\/\/corretorayou.com.br\/#website","url":"https:\/\/corretorayou.com.br\/","name":"Corretora YOU","description":"","publisher":{"@id":"https:\/\/corretorayou.com.br\/#organization"},"potentialAction":[{"@type":"SearchAction","target":{"@type":"EntryPoint","urlTemplate":"https:\/\/corretorayou.com.br\/?s={search_term_string}"},"query-input":{"@type":"PropertyValueSpecification","valueRequired":true,"valueName":"search_term_string"}}],"inLanguage":"pt-BR"},{"@type":"Organization","@id":"https:\/\/corretorayou.com.br\/#organization","name":"Corretora YOU","url":"https:\/\/corretorayou.com.br\/","logo":{"@type":"ImageObject","inLanguage":"pt-BR","@id":"https:\/\/corretorayou.com.br\/#\/schema\/logo\/image\/","url":"https:\/\/corretorayou.com.br\/wp-content\/uploads\/2025\/02\/453993324_122095288478459012_745689678987564054_n.jpg","contentUrl":"https:\/\/corretorayou.com.br\/wp-content\/uploads\/2025\/02\/453993324_122095288478459012_745689678987564054_n.jpg","width":320,"height":320,"caption":"Corretora YOU"},"image":{"@id":"https:\/\/corretorayou.com.br\/#\/schema\/logo\/image\/"},"sameAs":["https:\/\/www.facebook.com\/people\/You-Corretora\/pfbid02R5XhpBB5fXahTwGgnEwYAxZjwjpSuxdU2ADLFwxTgSGpYuYAS5jGqdrZf9TYjFtFl\/","https:\/\/www.instagram.com\/acorretorayou\/"]}]}},"_links":{"self":[{"href":"https:\/\/corretorayou.com.br\/index.php?rest_route=\/wp\/v2\/pages\/117","targetHints":{"allow":["GET"]}}],"collection":[{"href":"https:\/\/corretorayou.com.br\/index.php?rest_route=\/wp\/v2\/pages"}],"about":[{"href":"https:\/\/corretorayou.com.br\/index.php?rest_route=\/wp\/v2\/types\/page"}],"author":[{"embeddable":true,"href":"https:\/\/corretorayou.com.br\/index.php?rest_route=\/wp\/v2\/users\/1"}],"replies":[{"embeddable":true,"href":"https:\/\/corretorayou.com.br\/index.php?rest_route=%2Fwp%2Fv2%2Fcomments&post=117"}],"version-history":[{"count":43,"href":"https:\/\/corretorayou.com.br\/index.php?rest_route=\/wp\/v2\/pages\/117\/revisions"}],"predecessor-version":[{"id":622,"href":"https:\/\/corretorayou.com.br\/index.php?rest_route=\/wp\/v2\/pages\/117\/revisions\/622"}],"wp:attachment":[{"href":"https:\/\/corretorayou.com.br\/index.php?rest_route=%2Fwp%2Fv2%2Fmedia&parent=117"}],"curies":[{"name":"wp","href":"https:\/\/api.w.org\/{rel}","templated":true}]}}